{"id":4433,"date":"2025-03-21T22:40:35","date_gmt":"2025-03-21T22:40:35","guid":{"rendered":"https:\/\/balboamotorspro.com\/?page_id=4433"},"modified":"2025-03-21T22:48:02","modified_gmt":"2025-03-21T22:48:02","slug":"balboa-motors-spanish-privacy-policy","status":"publish","type":"page","link":"https:\/\/balboamotorspro.com\/index.php\/balboa-motors-spanish-privacy-policy\/","title":{"rendered":"BALBOA MOTORS &#8211; SPANISH PRIVACY POLICY"},"content":{"rendered":"\t\t<div data-elementor-type=\"wp-page\" data-elementor-id=\"4433\" class=\"elementor elementor-4433\">\n\t\t\t\t\t\t<section class=\"elementor-section elementor-top-section elementor-element elementor-element-9ea898 elementor-section-boxed elementor-section-height-default elementor-section-height-default\" data-id=\"9ea898\" data-element_type=\"section\">\r\n\t\t\r\n\t\t\t\t\t\t\t<div class=\"elementor-container elementor-column-gap-default\">\r\n\t\t\t\t\t\t\t\t\t\t\t<div class=\"elementor-column elementor-col-100 elementor-top-column elementor-element elementor-element-2ce8a297\" data-id=\"2ce8a297\" data-element_type=\"column\">\r\n\t\t\t\t\t<div class=\"elementor-widget-wrap elementor-element-populated\">\r\n\t\t\t\t\t\t\t\t<div class=\"elementor-element elementor-element-6d375097 elementor-widget elementor-widget-text-editor\" data-id=\"6d375097\" data-element_type=\"widget\" data-widget_type=\"text-editor.default\">\n\t\t\t\t<div class=\"elementor-widget-container\">\n\t\t\t\t\t\t\t\t\t<h2 style=\"text-align: justify;\">BALBOA MOTORS &#8211; Privacidad y Uso de la Informaci\u00f3n<\/h2>\n<p style=\"text-align: justify;\"><strong>ESTIMADO CLIENTE VALORADO<\/strong><\/p>\n<p style=\"text-align: justify;\">Nuestra empresa respeta su preocupaci\u00f3n por la privacidad. Nuestro objetivo es responder a sus consultas, brindar un mejor servicio al cliente y brindar productos, servicios y otra informaci\u00f3n promocional que solicite y que creemos que puede ayudar a satisfacer sus necesidades o ser de su inter\u00e9s. Sin embargo, reconocemos que tenemos una responsabilidad importante de proteger la privacidad y seguridad de la informaci\u00f3n personal no p\u00fablica que recopilamos de usted. Por lo tanto, queremos que comprenda nuestras pr\u00e1cticas de intercambio de informaci\u00f3n y que sepa que est\u00e1n dise\u00f1adas para cumplir con estrictos requisitos legales y garantizar la confidencialidad de su informaci\u00f3n.<\/p>\n<p style=\"text-align: justify;\"><strong> Mensajes de texto y otras comunicaciones a un tel\u00e9fono<\/strong><\/p>\n<p style=\"text-align: justify;\">Usted nos autoriza a comunicarnos con usted, incluso mediante el env\u00edo de mensajes de texto directamente o a trav\u00e9s de un servicio de mensajer\u00eda de texto por conducto y otras comunicaciones a un tel\u00e9fono celular utilizando un sistema de marcaci\u00f3n telef\u00f3nica autom\u00e1tica o un mensaje de voz artificial o pregrabado, a cualquier n\u00famero que usted proporcione. Usted reconoce que cualquier mensaje de texto o mensaje pregrabado que le enviemos puede contener contenido de ventas o marketing. Puede revocar su consentimiento para que nos comuniquemos con usted a un n\u00famero de tel\u00e9fono espec\u00edfico comunic\u00e1ndonos su revocaci\u00f3n a trav\u00e9s de cualquier medio razonable. Es posible que se apliquen tarifas de mensajes y datos. La frecuencia de los mensajes puede variar. Responda STOP para optar por no participar. La informaci\u00f3n m\u00f3vil recopilada en campa\u00f1as de suscripci\u00f3n o SMS no se compartir\u00e1 con terceros ni afiliados con fines de marketing ni con ning\u00fan otro fin. Los proveedores de servicios de mensajes de texto, operadores de telefon\u00eda celular, p. T-Mobile, Verizon, AT&amp;T, etc. no son responsables de los mensajes retrasados o no entregados\u201d.<\/p>\n<p style=\"text-align: justify;\"><strong>EL TIPO DE INFORMACI\u00d3N QUE RECOPILAMOS<\/strong><\/p>\n<p style=\"text-align: justify;\">El tipo de informaci\u00f3n que recopilamos depende del producto o servicio que le brindamos o sobre el que solicita. Recopilamos la informaci\u00f3n que usted nos proporciona en solicitudes y otros formularios; informaci\u00f3n sobre sus transacciones con nosotros, nuestros afiliados u otros; e informaci\u00f3n que nos proporcionan terceros, incluidas agencias de informes crediticios, bases de datos de registros p\u00fablicos de servicios de referencia individuales y otros proveedores reconocidos de informaci\u00f3n personal no p\u00fablica.<\/p>\n<p style=\"text-align: justify;\">La informaci\u00f3n que recopilamos puede incluir informaci\u00f3n de identificaci\u00f3n como su nombre, direcci\u00f3n, fecha de nacimiento, n\u00famero de seguro social y otra informaci\u00f3n sobre c\u00f3mo comunicarnos con usted; su solvencia crediticia, puntaje crediticio e historial crediticio, as\u00ed como informaci\u00f3n de transacciones, como actividad de la cuenta y t\u00e9rminos del pr\u00e9stamo. Tambi\u00e9n podemos recopilar informaci\u00f3n financiera como sus ingresos, bienes y situaci\u00f3n laboral, informaci\u00f3n sobre su c\u00f3nyuge o dependientes y\/o cierta informaci\u00f3n demogr\u00e1fica. Si solicita un producto de seguro, podemos recopilar informaci\u00f3n de salud limitada en su solicitud.<\/p>\n<p style=\"text-align: justify;\">\u00a0<\/p>\n<p>\u00a0<\/p>\n<p style=\"text-align: justify;\">Nuestra empresa est\u00e1 comprometida con la seguridad y confidencialidad de su informaci\u00f3n personal no p\u00fablica. No divulgamos, ni nos reservamos el derecho de divulgar, ninguna informaci\u00f3n personal no p\u00fablica sobre nuestros clientes o antiguos clientes a nadie, excepto seg\u00fan lo autorice usted o seg\u00fan lo permita la ley. Adem\u00e1s de las medidas de seguridad f\u00edsicas, procesales y electr\u00f3nicas razonables, nuestras pr\u00e1cticas de seguridad incluyen limitar el acceso a esta informaci\u00f3n a aquellos empleados y socios comerciales con la autoridad adecuada y solo para fines comerciales previstos. Explicamos la importancia de proteger su informaci\u00f3n personal no p\u00fablica a nuestros empleados y tomamos las medidas adecuadas para hacer cumplir las responsabilidades de los empleados con respecto a nuestra Pol\u00edtica de Privacidad.<\/p>\n<p style=\"text-align: justify;\"><strong>DIVULGACIONES A ENTIDADES AFILIADAS<\/strong><\/p>\n<p style=\"text-align: justify;\">Podemos compartir la informaci\u00f3n que recopilamos, como se indica anteriormente, con entidades afiliadas. Tiene derecho a impedir el intercambio de informaci\u00f3n, excepto el intercambio de informaci\u00f3n relacionada \u00fanicamente con sus transacciones con nosotros (como su historial de pagos) o nuestras experiencias con usted. Si no desea que compartamos esta informaci\u00f3n con nuestros afiliados, h\u00e1ganoslo saber.<\/p>\n<p style=\"text-align: justify;\"><strong> DIVULGACIONES A ENTIDADES NO AFILIADAS<\/strong><\/p>\n<p style=\"text-align: justify;\">Podemos compartir la informaci\u00f3n que recopilamos, como se indica anteriormente, con terceros no afiliados con el fin de ofrecer productos y servicios que puedan ser de valor para usted. Las organizaciones que pueden recibir su informaci\u00f3n incluyen, entre otras, instituciones financieras como prestamistas o arrendadores de veh\u00edculos motorizados, corredores hipotecarios y agentes de seguros, compa\u00f1\u00edas no financieras, como minoristas, editores y vendedores directos, proveedores de productos posventa, como productos, garant\u00edas y contratos de servicios de protecci\u00f3n garantizada para autom\u00f3viles, y otros, como asociaciones comerciales y organizaciones sin fines de lucro. Adem\u00e1s, podemos divulgar cierta informaci\u00f3n a afiliados y terceros no afiliados, seg\u00fan corresponda y seg\u00fan lo permita o exija la ley o una orden judicial. Divulgaremos dicha informaci\u00f3n \u00fanicamente a organizaciones que acepten tratarla de forma confidencial y utilizarla \u00fanicamente para los fines previstos.<\/p>\t\t\t\t\t\t\t\t<\/div>\n\t\t\t\t<\/div>\n\t\t\t\t\t<\/div>\r\n\t\t\t\t<\/div>\r\n\t\t\t\t\t<\/div>\r\n\t\t\t\t<\/section>\r\n\t\t\t\t<\/div>\n\t\t","protected":false},"excerpt":{"rendered":"<p>BALBOA MOTORS &#8211; Privacidad y Uso de la Informaci\u00f3n ESTIMADO CLIENTE VALORADO Nuestra empresa respeta su preocupaci\u00f3n por la privacidad. Nuestro objetivo es responder a sus consultas, brindar un mejor servicio al cliente y brindar productos, servicios y otra informaci\u00f3n promocional que solicite y que creemos que puede ayudar a satisfacer sus necesidades o ser [&hellip;]<\/p>\n","protected":false},"author":1,"featured_media":0,"parent":0,"menu_order":0,"comment_status":"closed","ping_status":"closed","template":"","meta":{"content-type":"","footnotes":""},"class_list":["post-4433","page","type-page","status-publish","hentry"],"_links":{"self":[{"href":"https:\/\/balboamotorspro.com\/index.php\/wp-json\/wp\/v2\/pages\/4433","targetHints":{"allow":["GET"]}}],"collection":[{"href":"https:\/\/balboamotorspro.com\/index.php\/wp-json\/wp\/v2\/pages"}],"about":[{"href":"https:\/\/balboamotorspro.com\/index.php\/wp-json\/wp\/v2\/types\/page"}],"author":[{"embeddable":true,"href":"https:\/\/balboamotorspro.com\/index.php\/wp-json\/wp\/v2\/users\/1"}],"replies":[{"embeddable":true,"href":"https:\/\/balboamotorspro.com\/index.php\/wp-json\/wp\/v2\/comments?post=4433"}],"version-history":[{"count":5,"href":"https:\/\/balboamotorspro.com\/index.php\/wp-json\/wp\/v2\/pages\/4433\/revisions"}],"predecessor-version":[{"id":4438,"href":"https:\/\/balboamotorspro.com\/index.php\/wp-json\/wp\/v2\/pages\/4433\/revisions\/4438"}],"wp:attachment":[{"href":"https:\/\/balboamotorspro.com\/index.php\/wp-json\/wp\/v2\/media?parent=4433"}],"curies":[{"name":"wp","href":"https:\/\/api.w.org\/{rel}","templated":true}]}}